{"id":92,"date":"2020-09-28T09:26:01","date_gmt":"2020-09-28T07:26:01","guid":{"rendered":"https:\/\/tipsnco.com\/index.php\/about-us\/"},"modified":"2023-09-25T22:25:51","modified_gmt":"2023-09-25T20:25:51","slug":"about-us","status":"publish","type":"page","link":"https:\/\/tipsnco.com\/index.php\/about-us\/","title":{"rendered":"A propos"},"content":{"rendered":"<h1>Tips&amp;Co digitalise le traditionnel pourboire<\/h1>\n<p>Notre mission ? Permettre aux m\u00e9tiers de services et du tertiaire de g\u00e9n\u00e9rer un compl\u00e9ment de revenus<\/p>\n<p>\t\t\t<a href=\"mailto:contact@tipsnco.com\" target=\"_blank\" rel=\"noopener\"><br \/>\n\t\t\t\t\t\tContactez-nous<br \/>\n\t\t\t\t\t<\/a><br \/>\n\t\t\t\t\t\t\t\t\t\t\t\t\t\t\t<img decoding=\"async\" width=\"640\" height=\"427\" src=\"https:\/\/tipsnco.com\/wp-content\/uploads\/2023\/07\/pexels-troy-guo-3055123-1.jpg\" alt=\"\" loading=\"lazy\" srcset=\"https:\/\/tipsnco.com\/wp-content\/uploads\/2023\/07\/pexels-troy-guo-3055123-1.jpg 640w, https:\/\/tipsnco.com\/wp-content\/uploads\/2023\/07\/pexels-troy-guo-3055123-1-300x200.jpg 300w\" sizes=\"auto, (max-width: 640px) 100vw, 640px\" \/><br \/>\n\t\t\t\t\t\t\t\t\t\t\t\t\t\t\t<img decoding=\"async\" width=\"720\" height=\"480\" src=\"https:\/\/tipsnco.com\/wp-content\/uploads\/2023\/07\/pexels-elevate-1267262-2.jpg\" alt=\"\" loading=\"lazy\" srcset=\"https:\/\/tipsnco.com\/wp-content\/uploads\/2023\/07\/pexels-elevate-1267262-2.jpg 720w, https:\/\/tipsnco.com\/wp-content\/uploads\/2023\/07\/pexels-elevate-1267262-2-300x200.jpg 300w\" sizes=\"auto, (max-width: 720px) 100vw, 720px\" \/>\t\t\t\t\t\t\t\t\t\t\t\t\t\t\t<\/p>\n<h6>NOTRE VISION<\/h6>\n<h2>R\u00e9volutionner la fa\u00e7on dont les acteurs du tertiaire per\u00e7oivent leurs pourboires<\/h2>\n<p>Face \u00e0 l\u2019\u00e9volution des nouvelles technologiques, les paiements sont de plus en plus digitalis\u00e9s et la monnaie disparait progressivement de<br \/>nos portefeuilles<\/p>\n<h6>NOTRE MISSION<\/h6>\n<h2>R\u00e9volutionner l&rsquo;exp\u00e9rience du service<\/h2>\n<p>Tips&amp;Co, c&rsquo;est LA plateforme innovante qui permet \u00e0 votre coiffeur ou au serveur du restaurant d&rsquo;hier soir, de maximiser ses revenus gr\u00e2ce \u00e0 vos pourboires instantan\u00e9s<\/p>\n<p>\t\t\t\t\t\t\t\t\t\t\t\t\t\t\t<img decoding=\"async\" width=\"720\" height=\"480\" src=\"https:\/\/tipsnco.com\/wp-content\/uploads\/2023\/07\/pexels-antoni-shkraba-production-8790977-1.jpg\" alt=\"\" loading=\"lazy\" srcset=\"https:\/\/tipsnco.com\/wp-content\/uploads\/2023\/07\/pexels-antoni-shkraba-production-8790977-1.jpg 720w, https:\/\/tipsnco.com\/wp-content\/uploads\/2023\/07\/pexels-antoni-shkraba-production-8790977-1-300x200.jpg 300w\" sizes=\"auto, (max-width: 720px) 100vw, 720px\" \/>\t\t\t\t\t\t\t\t\t\t\t\t\t\t\t<\/p>\n<h6>NOTRE \u00e9QUIPE<\/h6>\n<p>\t\t\t\t\t\t\t\t\t\t\t\t\t\t\t<img decoding=\"async\" width=\"200\" height=\"300\" src=\"https:\/\/tipsnco.com\/wp-content\/uploads\/2023\/08\/Portrait-removebg-preview-200x300.png\" alt=\"\" loading=\"lazy\" srcset=\"https:\/\/tipsnco.com\/wp-content\/uploads\/2023\/08\/Portrait-removebg-preview-200x300.png 200w, https:\/\/tipsnco.com\/wp-content\/uploads\/2023\/08\/Portrait-removebg-preview.png 408w\" sizes=\"auto, (max-width: 200px) 100vw, 200px\" \/>\t\t\t\t\t\t\t\t\t\t\t\t\t\t\t<\/p>\n<h3>Jeremy G.<\/h3>\n<p>\t\tFounder &#038; CEO<br \/>\n\t\t\t\t\t\t\t\t\t\t\t\t\t\t\t<img decoding=\"async\" width=\"300\" height=\"300\" src=\"https:\/\/tipsnco.com\/wp-content\/uploads\/2023\/07\/Jean-Charles-NB_Original-300x300.jpg\" alt=\"\" loading=\"lazy\" srcset=\"https:\/\/tipsnco.com\/wp-content\/uploads\/2023\/07\/Jean-Charles-NB_Original-300x300.jpg 300w, https:\/\/tipsnco.com\/wp-content\/uploads\/2023\/07\/Jean-Charles-NB_Original-1024x1024.jpg 1024w, https:\/\/tipsnco.com\/wp-content\/uploads\/2023\/07\/Jean-Charles-NB_Original-150x150.jpg 150w, https:\/\/tipsnco.com\/wp-content\/uploads\/2023\/07\/Jean-Charles-NB_Original-768x768.jpg 768w, https:\/\/tipsnco.com\/wp-content\/uploads\/2023\/07\/Jean-Charles-NB_Original.jpg 1500w\" sizes=\"auto, (max-width: 300px) 100vw, 300px\" \/>\t\t\t\t\t\t\t\t\t\t\t\t\t\t\t<\/p>\n<h3>Jean-Charles R.<\/h3>\n<p>CTO<\/p>\n<p>\t\t\t\t0<br \/>\n\t\t\t\t+<\/p>\n<h4>Des membres de l&rsquo;\u00e9quipe incroyables<\/h4>\n<p>\t\t\tFaire un travail incroyable tous les jours.<\/p>\n","protected":false},"excerpt":{"rendered":"<p>Tips&amp;Co digitalise le traditionnel pourboire Notre mission ? Permettre aux m\u00e9tiers de services et du tertiaire de g\u00e9n\u00e9rer un compl\u00e9ment de revenus Contactez-nous NOTRE VISION R\u00e9volutionner la fa\u00e7on dont les acteurs du tertiaire per\u00e7oivent leurs pourboires Face \u00e0 l\u2019\u00e9volution des nouvelles technologiques, les paiements sont de plus en plus digitalis\u00e9s et la monnaie disparait progressivement [&hellip;]<\/p>\n","protected":false},"author":1,"featured_media":0,"parent":0,"menu_order":0,"comment_status":"closed","ping_status":"closed","template":"","meta":{"site-sidebar-layout":"no-sidebar","site-content-layout":"page-builder","ast-site-content-layout":"default","site-content-style":"default","site-sidebar-style":"default","ast-global-header-display":"","ast-banner-title-visibility":"","ast-main-header-display":"","ast-hfb-above-header-display":"","ast-hfb-below-header-display":"","ast-hfb-mobile-header-display":"","site-post-title":"disabled","ast-breadcrumbs-content":"","ast-featured-img":"disabled","footer-sml-layout":"","ast-disable-related-posts":"","theme-transparent-header-meta":"enabled","adv-header-id-meta":"","stick-header-meta":"","header-above-stick-meta":"","header-main-stick-meta":"","header-below-stick-meta":"","astra-migrate-meta-layouts":"default","ast-page-background-enabled":"default","ast-page-background-meta":{"desktop":{"background-color":"","background-image":"","background-repeat":"repeat","background-position":"center center","background-size":"auto","background-attachment":"scroll","background-type":"","background-media":"","overlay-type":"","overlay-color":"","overlay-opacity":"","overlay-gradient":""},"tablet":{"background-color":"","background-image":"","background-repeat":"repeat","background-position":"center center","background-size":"auto","background-attachment":"scroll","background-type":"","background-media":"","overlay-type":"","overlay-color":"","overlay-opacity":"","overlay-gradient":""},"mobile":{"background-color":"","background-image":"","background-repeat":"repeat","background-position":"center center","background-size":"auto","background-attachment":"scroll","background-type":"","background-media":"","overlay-type":"","overlay-color":"","overlay-opacity":"","overlay-gradient":""}},"ast-content-background-meta":{"desktop":{"background-color":"var(--ast-global-color-5)","background-image":"","background-repeat":"repeat","background-position":"center center","background-size":"auto","background-attachment":"scroll","background-type":"","background-media":"","overlay-type":"","overlay-color":"","overlay-opacity":"","overlay-gradient":""},"tablet":{"background-color":"var(--ast-global-color-5)","background-image":"","background-repeat":"repeat","background-position":"center center","background-size":"auto","background-attachment":"scroll","background-type":"","background-media":"","overlay-type":"","overlay-color":"","overlay-opacity":"","overlay-gradient":""},"mobile":{"background-color":"var(--ast-global-color-5)","background-image":"","background-repeat":"repeat","background-position":"center center","background-size":"auto","background-attachment":"scroll","background-type":"","background-media":"","overlay-type":"","overlay-color":"","overlay-opacity":"","overlay-gradient":""}},"footnotes":""},"class_list":["post-92","page","type-page","status-publish","hentry"],"yoast_head":"<!-- This site is optimized with the Yoast SEO plugin v27.5 - https:\/\/yoast.com\/product\/yoast-seo-wordpress\/ -->\n<title>A propos - Tips&amp;Co<\/title>\n<meta name=\"robots\" content=\"index, follow, max-snippet:-1, max-image-preview:large, max-video-preview:-1\" \/>\n<link rel=\"canonical\" href=\"https:\/\/tipsnco.com\/index.php\/about-us\/\" \/>\n<meta property=\"og:locale\" content=\"fr_FR\" \/>\n<meta property=\"og:type\" content=\"article\" \/>\n<meta property=\"og:title\" content=\"A propos - Tips&amp;Co\" \/>\n<meta property=\"og:description\" content=\"Tips&amp;Co digitalise le traditionnel pourboire Notre mission ? Permettre aux m\u00e9tiers de services et du tertiaire de g\u00e9n\u00e9rer un compl\u00e9ment de revenus Contactez-nous NOTRE VISION R\u00e9volutionner la fa\u00e7on dont les acteurs du tertiaire per\u00e7oivent leurs pourboires Face \u00e0 l\u2019\u00e9volution des nouvelles technologiques, les paiements sont de plus en plus digitalis\u00e9s et la monnaie disparait progressivement [&hellip;]\" \/>\n<meta property=\"og:url\" content=\"https:\/\/tipsnco.com\/index.php\/about-us\/\" \/>\n<meta property=\"og:site_name\" content=\"Tips&amp;Co\" \/>\n<meta property=\"article:modified_time\" content=\"2023-09-25T20:25:51+00:00\" \/>\n<meta property=\"og:image\" content=\"https:\/\/tipsnco.com\/wp-content\/uploads\/2023\/07\/pexels-troy-guo-3055123-1.jpg\" \/>\n<meta name=\"twitter:card\" content=\"summary_large_image\" \/>\n<meta name=\"twitter:label1\" content=\"Dur\u00e9e de lecture estim\u00e9e\" \/>\n\t<meta name=\"twitter:data1\" content=\"2 minutes\" \/>\n<script type=\"application\/ld+json\" class=\"yoast-schema-graph\">{\"@context\":\"https:\\\/\\\/schema.org\",\"@graph\":[{\"@type\":\"WebPage\",\"@id\":\"https:\\\/\\\/tipsnco.com\\\/index.php\\\/about-us\\\/\",\"url\":\"https:\\\/\\\/tipsnco.com\\\/index.php\\\/about-us\\\/\",\"name\":\"A propos - Tips&amp;Co\",\"isPartOf\":{\"@id\":\"https:\\\/\\\/tipsnco.com\\\/#website\"},\"primaryImageOfPage\":{\"@id\":\"https:\\\/\\\/tipsnco.com\\\/index.php\\\/about-us\\\/#primaryimage\"},\"image\":{\"@id\":\"https:\\\/\\\/tipsnco.com\\\/index.php\\\/about-us\\\/#primaryimage\"},\"thumbnailUrl\":\"https:\\\/\\\/tipsnco.com\\\/wp-content\\\/uploads\\\/2023\\\/07\\\/pexels-troy-guo-3055123-1.jpg\",\"datePublished\":\"2020-09-28T07:26:01+00:00\",\"dateModified\":\"2023-09-25T20:25:51+00:00\",\"breadcrumb\":{\"@id\":\"https:\\\/\\\/tipsnco.com\\\/index.php\\\/about-us\\\/#breadcrumb\"},\"inLanguage\":\"fr-FR\",\"potentialAction\":[{\"@type\":\"ReadAction\",\"target\":[\"https:\\\/\\\/tipsnco.com\\\/index.php\\\/about-us\\\/\"]}]},{\"@type\":\"ImageObject\",\"inLanguage\":\"fr-FR\",\"@id\":\"https:\\\/\\\/tipsnco.com\\\/index.php\\\/about-us\\\/#primaryimage\",\"url\":\"https:\\\/\\\/tipsnco.com\\\/wp-content\\\/uploads\\\/2023\\\/07\\\/pexels-troy-guo-3055123-1.jpg\",\"contentUrl\":\"https:\\\/\\\/tipsnco.com\\\/wp-content\\\/uploads\\\/2023\\\/07\\\/pexels-troy-guo-3055123-1.jpg\",\"width\":640,\"height\":427},{\"@type\":\"BreadcrumbList\",\"@id\":\"https:\\\/\\\/tipsnco.com\\\/index.php\\\/about-us\\\/#breadcrumb\",\"itemListElement\":[{\"@type\":\"ListItem\",\"position\":1,\"name\":\"Home\",\"item\":\"https:\\\/\\\/tipsnco.com\\\/\"},{\"@type\":\"ListItem\",\"position\":2,\"name\":\"A propos\"}]},{\"@type\":\"WebSite\",\"@id\":\"https:\\\/\\\/tipsnco.com\\\/#website\",\"url\":\"https:\\\/\\\/tipsnco.com\\\/\",\"name\":\"Tipsnco\",\"description\":\"Un p&#039;tit geste pour le service ?\",\"publisher\":{\"@id\":\"https:\\\/\\\/tipsnco.com\\\/#organization\"},\"potentialAction\":[{\"@type\":\"SearchAction\",\"target\":{\"@type\":\"EntryPoint\",\"urlTemplate\":\"https:\\\/\\\/tipsnco.com\\\/?s={search_term_string}\"},\"query-input\":{\"@type\":\"PropertyValueSpecification\",\"valueRequired\":true,\"valueName\":\"search_term_string\"}}],\"inLanguage\":\"fr-FR\"},{\"@type\":\"Organization\",\"@id\":\"https:\\\/\\\/tipsnco.com\\\/#organization\",\"name\":\"Tipsnco\",\"url\":\"https:\\\/\\\/tipsnco.com\\\/\",\"logo\":{\"@type\":\"ImageObject\",\"inLanguage\":\"fr-FR\",\"@id\":\"https:\\\/\\\/tipsnco.com\\\/#\\\/schema\\\/logo\\\/image\\\/\",\"url\":\"https:\\\/\\\/tipsnco.com\\\/wp-content\\\/uploads\\\/2023\\\/08\\\/IMG_4277.png\",\"contentUrl\":\"https:\\\/\\\/tipsnco.com\\\/wp-content\\\/uploads\\\/2023\\\/08\\\/IMG_4277.png\",\"width\":232,\"height\":232,\"caption\":\"Tipsnco\"},\"image\":{\"@id\":\"https:\\\/\\\/tipsnco.com\\\/#\\\/schema\\\/logo\\\/image\\\/\"}}]}<\/script>\n<!-- \/ Yoast SEO plugin. -->","yoast_head_json":{"title":"A propos - Tips&amp;Co","robots":{"index":"index","follow":"follow","max-snippet":"max-snippet:-1","max-image-preview":"max-image-preview:large","max-video-preview":"max-video-preview:-1"},"canonical":"https:\/\/tipsnco.com\/index.php\/about-us\/","og_locale":"fr_FR","og_type":"article","og_title":"A propos - Tips&amp;Co","og_description":"Tips&amp;Co digitalise le traditionnel pourboire Notre mission ? Permettre aux m\u00e9tiers de services et du tertiaire de g\u00e9n\u00e9rer un compl\u00e9ment de revenus Contactez-nous NOTRE VISION R\u00e9volutionner la fa\u00e7on dont les acteurs du tertiaire per\u00e7oivent leurs pourboires Face \u00e0 l\u2019\u00e9volution des nouvelles technologiques, les paiements sont de plus en plus digitalis\u00e9s et la monnaie disparait progressivement [&hellip;]","og_url":"https:\/\/tipsnco.com\/index.php\/about-us\/","og_site_name":"Tips&amp;Co","article_modified_time":"2023-09-25T20:25:51+00:00","og_image":[{"url":"https:\/\/tipsnco.com\/wp-content\/uploads\/2023\/07\/pexels-troy-guo-3055123-1.jpg","type":"","width":"","height":""}],"twitter_card":"summary_large_image","twitter_misc":{"Dur\u00e9e de lecture estim\u00e9e":"2 minutes"},"schema":{"@context":"https:\/\/schema.org","@graph":[{"@type":"WebPage","@id":"https:\/\/tipsnco.com\/index.php\/about-us\/","url":"https:\/\/tipsnco.com\/index.php\/about-us\/","name":"A propos - Tips&amp;Co","isPartOf":{"@id":"https:\/\/tipsnco.com\/#website"},"primaryImageOfPage":{"@id":"https:\/\/tipsnco.com\/index.php\/about-us\/#primaryimage"},"image":{"@id":"https:\/\/tipsnco.com\/index.php\/about-us\/#primaryimage"},"thumbnailUrl":"https:\/\/tipsnco.com\/wp-content\/uploads\/2023\/07\/pexels-troy-guo-3055123-1.jpg","datePublished":"2020-09-28T07:26:01+00:00","dateModified":"2023-09-25T20:25:51+00:00","breadcrumb":{"@id":"https:\/\/tipsnco.com\/index.php\/about-us\/#breadcrumb"},"inLanguage":"fr-FR","potentialAction":[{"@type":"ReadAction","target":["https:\/\/tipsnco.com\/index.php\/about-us\/"]}]},{"@type":"ImageObject","inLanguage":"fr-FR","@id":"https:\/\/tipsnco.com\/index.php\/about-us\/#primaryimage","url":"https:\/\/tipsnco.com\/wp-content\/uploads\/2023\/07\/pexels-troy-guo-3055123-1.jpg","contentUrl":"https:\/\/tipsnco.com\/wp-content\/uploads\/2023\/07\/pexels-troy-guo-3055123-1.jpg","width":640,"height":427},{"@type":"BreadcrumbList","@id":"https:\/\/tipsnco.com\/index.php\/about-us\/#breadcrumb","itemListElement":[{"@type":"ListItem","position":1,"name":"Home","item":"https:\/\/tipsnco.com\/"},{"@type":"ListItem","position":2,"name":"A propos"}]},{"@type":"WebSite","@id":"https:\/\/tipsnco.com\/#website","url":"https:\/\/tipsnco.com\/","name":"Tipsnco","description":"Un p&#039;tit geste pour le service ?","publisher":{"@id":"https:\/\/tipsnco.com\/#organization"},"potentialAction":[{"@type":"SearchAction","target":{"@type":"EntryPoint","urlTemplate":"https:\/\/tipsnco.com\/?s={search_term_string}"},"query-input":{"@type":"PropertyValueSpecification","valueRequired":true,"valueName":"search_term_string"}}],"inLanguage":"fr-FR"},{"@type":"Organization","@id":"https:\/\/tipsnco.com\/#organization","name":"Tipsnco","url":"https:\/\/tipsnco.com\/","logo":{"@type":"ImageObject","inLanguage":"fr-FR","@id":"https:\/\/tipsnco.com\/#\/schema\/logo\/image\/","url":"https:\/\/tipsnco.com\/wp-content\/uploads\/2023\/08\/IMG_4277.png","contentUrl":"https:\/\/tipsnco.com\/wp-content\/uploads\/2023\/08\/IMG_4277.png","width":232,"height":232,"caption":"Tipsnco"},"image":{"@id":"https:\/\/tipsnco.com\/#\/schema\/logo\/image\/"}}]}},"jetpack_sharing_enabled":true,"_links":{"self":[{"href":"https:\/\/tipsnco.com\/index.php\/wp-json\/wp\/v2\/pages\/92","targetHints":{"allow":["GET"]}}],"collection":[{"href":"https:\/\/tipsnco.com\/index.php\/wp-json\/wp\/v2\/pages"}],"about":[{"href":"https:\/\/tipsnco.com\/index.php\/wp-json\/wp\/v2\/types\/page"}],"author":[{"embeddable":true,"href":"https:\/\/tipsnco.com\/index.php\/wp-json\/wp\/v2\/users\/1"}],"replies":[{"embeddable":true,"href":"https:\/\/tipsnco.com\/index.php\/wp-json\/wp\/v2\/comments?post=92"}],"version-history":[{"count":122,"href":"https:\/\/tipsnco.com\/index.php\/wp-json\/wp\/v2\/pages\/92\/revisions"}],"predecessor-version":[{"id":1043,"href":"https:\/\/tipsnco.com\/index.php\/wp-json\/wp\/v2\/pages\/92\/revisions\/1043"}],"wp:attachment":[{"href":"https:\/\/tipsnco.com\/index.php\/wp-json\/wp\/v2\/media?parent=92"}],"curies":[{"name":"wp","href":"https:\/\/api.w.org\/{rel}","templated":true}]}}