{"id":132,"date":"2020-09-29T05:09:02","date_gmt":"2020-09-29T03:09:02","guid":{"rendered":"https:\/\/tipsnco.com\/index.php\/features\/"},"modified":"2023-09-25T22:16:36","modified_gmt":"2023-09-25T20:16:36","slug":"features","status":"publish","type":"page","link":"https:\/\/tipsnco.com\/index.php\/features\/","title":{"rendered":"Fonctionnalit\u00e9s"},"content":{"rendered":"<h1>Distribuez vos pourboires !<\/h1>\n<p>D\u00e9couvrez notre plateforme de pourboire en ligne destin\u00e9e professionnels de service<\/p>\n<p>Facile \u00e0 utiliser, rapide et s\u00e9curis\u00e9e, Tips&amp;Co permet de verser directement des pourboires depuis votre smartphone<\/p>\n<p>\t\t\t\t\t\t\t\t\t\t\t\t\t\t\t<img decoding=\"async\" width=\"627\" height=\"418\" src=\"https:\/\/tipsnco.com\/wp-content\/uploads\/2023\/07\/pexels-imin-technology-12935051-1.jpg\" alt=\"\" loading=\"lazy\" srcset=\"https:\/\/tipsnco.com\/wp-content\/uploads\/2023\/07\/pexels-imin-technology-12935051-1.jpg 627w, https:\/\/tipsnco.com\/wp-content\/uploads\/2023\/07\/pexels-imin-technology-12935051-1-300x200.jpg 300w\" sizes=\"auto, (max-width: 627px) 100vw, 627px\" \/>\t\t\t\t\t\t\t\t\t\t\t\t\t\t\t<\/p>\n<h2>Pourquoi nous ?<\/h2>\n<p>\t\t\tUn service intuitif et convivial qui permet aux clients satisfaits de laisser des pourboires de mani\u00e8re simple et efficace.\t\t<\/p>\n<h4>\n\t\t\t\t\t\tS\u00e9curit\u00e9<br \/>\n\t\t\t\t<\/h4>\n<p>\n\t\t\t\t\t\tTips&#038;Co utilise des protocoles de s\u00e9curit\u00e9 accrus pour prot\u00e9ger vos donn\u00e9es gr\u00e2ce aux services de Stripe.\t\t\t\t\t<\/p>\n<h4>\n\t\t\t\t\t\tAccessibilit\u00e9<br \/>\n\t\t\t\t<\/h4>\n<p>\n\t\t\t\t\t\tTips&#038;Co est accessible \u00e0 tous ! Peu importe o\u00f9 vous \u00eates, l&rsquo;acc\u00e8s \u00e0 l&rsquo;application est garantie !\t\t\t\t\t<\/p>\n<h4>\n\t\t\t\t\t\tTransparence<br \/>\n\t\t\t\t<\/h4>\n<p>\n\t\t\t\t\t\tTips&#038;Co d\u00e9taille chaque transaction aupr\u00e8s des professionnels de service. Une transparence qui permet une reconnaissance directe.\t\t\t\t\t<\/p>\n<h4>\n\t\t\t\t\t\tFlexibilit\u00e9<br \/>\n\t\t\t\t<\/h4>\n<p>\n\t\t\t\t\t\tQuel que soit le montant, l&rsquo;option de paiement ou l&rsquo;instant choisit pour verser le pourboire, c&rsquo;est vous qui d\u00e9cidez !\t\t\t\t\t<\/p>\n<h4>\n\t\t\t\t\t\tLibert\u00e9<br \/>\n\t\t\t\t<\/h4>\n<p>\n\t\t\t\t\t\tSatisfaction, budget, c&rsquo;est vous qui choisissez le montant du pourboire !\t\t\t\t\t<\/p>\n<h4>\n\t\t\t\t\t\tUn panel repr\u00e9sentatif<br \/>\n\t\t\t\t<\/h4>\n<p>\n\t\t\t\t\t\tCoiffeurs, serveurs, h\u00f4tes d&rsquo;accueil ou encore guides touristiques, notre objectif est d&rsquo;am\u00e9liorer le quotidien de l&rsquo;ensemble des m\u00e9tiers de service et du tertiaire.\t\t\t\t\t<\/p>\n<p>\t\t\t\t\t\t\t\t\t\t\t\t\t\t\t<img decoding=\"async\" width=\"520\" height=\"347\" src=\"https:\/\/tipsnco.com\/wp-content\/uploads\/2023\/07\/pexels-imin-technology-12935064-1.jpg\" alt=\"\" loading=\"lazy\" srcset=\"https:\/\/tipsnco.com\/wp-content\/uploads\/2023\/07\/pexels-imin-technology-12935064-1.jpg 520w, https:\/\/tipsnco.com\/wp-content\/uploads\/2023\/07\/pexels-imin-technology-12935064-1-300x200.jpg 300w\" sizes=\"auto, (max-width: 520px) 100vw, 520px\" \/>\t\t\t\t\t\t\t\t\t\t\t\t\t\t\t<\/p>\n<h6>COMMENT DONNER ?<br \/>\n<\/h6>\n<h2>Laisser un tip ?<\/h2>\n<ul>\n<li>\n\t\t\t\t\t\t\t\t\t\tT\u00e9l\u00e9chargez l&rsquo;application et cr\u00e9ez votre compte.\n\t\t\t\t\t\t\t\t\t<\/li>\n<li>\n\t\t\t\t\t\t\t\t\t\tScanner le QR Code.\n\t\t\t\t\t\t\t\t\t<\/li>\n<li>\n\t\t\t\t\t\t\t\t\t\t\u00c7a y est, vous \u00eates pr\u00eat \u00e0 verser votre tip !\n\t\t\t\t\t\t\t\t\t<\/li>\n<\/ul>\n<p>Chaque geste compte ! Vous \u00eates satisfait du service rendu ? Versez un pourboire en un clic !<\/p>\n<h6>COMMENT RECEVOIR ?<\/h6>\n<h2>Recevoir des tips ?<\/h2>\n<ul>\n<li>\n\t\t\t\t\t\t\t\t\t\tT\u00e9l\u00e9chargez l&rsquo;application et cr\u00e9ez votre compte.\n\t\t\t\t\t\t\t\t\t<\/li>\n<li>\n\t\t\t\t\t\t\t\t\t\tRecevez votre QR Code personnalis\u00e9.\n\t\t\t\t\t\t\t\t\t<\/li>\n<li>\n\t\t\t\t\t\t\t\t\t\t\u00c7a y est, vous \u00eates pr\u00eat \u00e0 recevoir vos premiers tips !\n\t\t\t\t\t\t\t\t\t<\/li>\n<\/ul>\n<p>Notre motivation, c&rsquo;est vous ! Devenez notre meilleur partenaire et cr\u00e9ez-vous un compl\u00e9ment de revenus gr\u00e2ce au fruit de votre travail !<\/p>\n<p>\t\t\t\t\t\t\t\t\t\t\t\t\t\t\t<img decoding=\"async\" width=\"347\" height=\"520\" src=\"https:\/\/tipsnco.com\/wp-content\/uploads\/2023\/07\/pexels-cottonbro-studio-5081919-3.jpg\" alt=\"\" loading=\"lazy\" srcset=\"https:\/\/tipsnco.com\/wp-content\/uploads\/2023\/07\/pexels-cottonbro-studio-5081919-3.jpg 347w, https:\/\/tipsnco.com\/wp-content\/uploads\/2023\/07\/pexels-cottonbro-studio-5081919-3-200x300.jpg 200w\" sizes=\"auto, (max-width: 347px) 100vw, 347px\" \/><br \/>\n\t\t\t\t\t\t\t\t\t\t\t\t\t\t\t<img decoding=\"async\" width=\"1024\" height=\"507\" src=\"https:\/\/tipsnco.com\/wp-content\/uploads\/2023\/07\/pexels-tim-douglas-6205512-2-1024x507.jpg\" alt=\"\" loading=\"lazy\" srcset=\"https:\/\/tipsnco.com\/wp-content\/uploads\/2023\/07\/pexels-tim-douglas-6205512-2-1024x507.jpg 1024w, https:\/\/tipsnco.com\/wp-content\/uploads\/2023\/07\/pexels-tim-douglas-6205512-2-300x148.jpg 300w, https:\/\/tipsnco.com\/wp-content\/uploads\/2023\/07\/pexels-tim-douglas-6205512-2-768x380.jpg 768w, https:\/\/tipsnco.com\/wp-content\/uploads\/2023\/07\/pexels-tim-douglas-6205512-2-1536x760.jpg 1536w, https:\/\/tipsnco.com\/wp-content\/uploads\/2023\/07\/pexels-tim-douglas-6205512-2-2048x1013.jpg 2048w\" sizes=\"auto, (max-width: 1024px) 100vw, 1024px\" \/>\t\t\t\t\t\t\t\t\t\t\t\t\t\t\t<\/p>\n<h6>TABLEAU DE BORD<\/h6>\n<h2>Fier de votre m\u00e9tier ? Soyez r\u00e9compens\u00e9 !<\/h2>\n<p>A votre disposition, un tableau de bord innovant avec une vue compl\u00e8te sur la collecte de vos pourboires !<\/p>\n<ul>\n<li>\n\t\t\t\t\t\t\t\t\t\tAugmentez vos revenus et maximisez vos gains\n\t\t\t\t\t\t\t\t\t<\/li>\n<li>\n\t\t\t\t\t\t\t\t\t\tBoostez vos performances et restez motiv\u00e9 !\n\t\t\t\t\t\t\t\t\t<\/li>\n<li>\n\t\t\t\t\t\t\t\t\t\tFid\u00e9lisez vos clients\n\t\t\t\t\t\t\t\t\t<\/li>\n<\/ul>\n<p>\t\t\t4.8<br \/>\n\t\t\t\t\t\t<i>&#xE934;<\/i><i>&#xE934;<\/i><i>&#xE934;<\/i><i>&#xE934;<\/i><i>&#xE934;<\/i> 4.8\/5<br \/>\n\t\t\tBas\u00e9 sur 100 personnes.<br \/>\n\t\t\t\t\t\t<i>&#xE934;<\/i><i>&#xE934;<\/i><i>&#xE934;<\/i><i>&#xE934;<\/i><i>&#xE934;<\/i> 4.8\/5<br \/>\n\t\t\t\t\t\t\tCe site est fantastique pour donner des pourboires aux serveurs de mani\u00e8re rapide et efficace. Cela me permet de montrer ma gratitude sans tracas. Je le recommande vivement !<br \/>\n\t\t\t\t\t\t\t<img decoding=\"async\" width=\"48\" height=\"48\" src=\"https:\/\/tipsnco.com\/wp-content\/uploads\/2020\/09\/tech-startup-testimonial-reviews-ava-2.jpg\" alt=\"\" loading=\"lazy\" \/><br \/>\n\t\t\t\t\t\t\t\t\t\t\t\t\t\tPierre Dubois<br \/>\n\t\t\t\t\t\t\t\t\t\t\t\t\t\t\t\t\t\t\t\t\t\tInfluencer<br \/>\n\t\t\t\t\t\t<i>&#xE934;<\/i><i>&#xE934;<\/i><i>&#xE934;<\/i><i>&#xE934;<\/i><i>&#xE934;<\/i> 5\/5<br \/>\n\t\t\t\t\t\t\tI recently used this website to tip my server, and it was incredibly convenient! Within seconds, I was able to show my appreciation for the excellent service I received. Highly recommended !<br \/>\n\t\t\t\t\t\t\t<img decoding=\"async\" width=\"48\" height=\"48\" src=\"https:\/\/tipsnco.com\/wp-content\/uploads\/2020\/09\/tech-startup-testimonial-reviews-ava-1.jpg\" alt=\"\" loading=\"lazy\" \/><br \/>\n\t\t\t\t\t\t\t\t\t\t\t\t\t\tSarah Johnson<br \/>\n\t\t\t\t\t\t\t\t\t\t\t\t\t\t\t\t\t\t\t\t\t\tDesigner<br \/>\n\t\t\t\t\t\t<i>&#xE934;<\/i><i>&#xE934;<\/i><i>&#xE934;<\/i><i>&#xE934;<\/i><i>&#xE934;<\/i> 4.8\/5<br \/>\n\t\t\t\t\t\t\tAs an international traveler, I find this website invaluable. It&rsquo;s user-friendly, and I can easily leave a tip for servers, no matter where I am in the world. It&rsquo;s a game-changer!<br \/>\n\t\t\t\t\t\t\t<img decoding=\"async\" width=\"48\" height=\"48\" src=\"https:\/\/tipsnco.com\/wp-content\/uploads\/2020\/09\/tech-startup-testimonial-reviews-ava-3.jpg\" alt=\"\" loading=\"lazy\" \/><br \/>\n\t\t\t\t\t\t\t\t\t\t\t\t\t\tEmily Thompson<br \/>\n\t\t\t\t\t\t\t\t\t\t\t\t\t\t\t\t\t\t\t\t\t\tDance Teacher<br \/>\n\t\t\t\t\t\t<i>&#xE934;<\/i><i>&#xE934;<\/i><i>&#xE934;<\/i><i>&#xE934;<\/i><i>&#xE934;<\/i> 4.8\/5<br \/>\n\t\t\t\t\t\t\tCe service est incroyablement pratique pour les serveurs. <br \/>Je suis vraiment heureux de pouvoir recevoir mes pourboires plus rapidement gr\u00e2ce \u00e0 ce site. C&rsquo;est une solution innovante et utile !<br \/>\n\t\t\t\t\t\t\t<img decoding=\"async\" width=\"48\" height=\"48\" src=\"https:\/\/tipsnco.com\/wp-content\/uploads\/2020\/09\/tech-startup-testimonial-reviews-ava-4.jpg\" alt=\"\" loading=\"lazy\" \/><br \/>\n\t\t\t\t\t\t\t\t\t\t\t\t\t\tAntoine Dupont<br \/>\n\t\t\t\t\t\t\t\t\t\t\t\t\t\t\t\t\t\t\t\t\t\tModel<br \/>\n\t\t\t\t\t\t<i>&#xE934;<\/i><i>&#xE934;<\/i><i>&#xE934;<\/i><i>&#xE934;<\/i><i>&#xE934;<\/i> 4\/5<br \/>\n\t\t\t\t\t\t\tEn tant que serveuse, ce site m&rsquo;a vraiment facilit\u00e9 la vie. <br \/>Je suis en mesure de recevoir mes pourboires rapidement et en toute transparence. <br \/>Je suis reconnaissante envers cette plateforme qui met les serveurs au premier plan !<br \/>\n\t\t\t\t\t\t\t<img decoding=\"async\" width=\"48\" height=\"48\" src=\"https:\/\/tipsnco.com\/wp-content\/uploads\/2020\/09\/tech-startup-testimonial-reviews-ava-6.jpg\" alt=\"\" loading=\"lazy\" \/><br \/>\n\t\t\t\t\t\t\t\t\t\t\t\t\t\tCamille Lambert<br \/>\n\t\t\t\t\t\t\t\t\t\t\t\t\t\t\t\t\t\t\t\t\t\tHigh School Student<br \/>\n\t\t\t\t\t\t<i>&#xE934;<\/i><i>&#xE934;<\/i><i>&#xE934;<\/i><i>&#xE934;<\/i><i>&#xE934;<\/i> 4.54\/5<br \/>\n\t\t\t\t\t\t\tThis website is a lifesaver for servers. It streamlines the tipping process and ensures that servers receive their tips promptly. It&rsquo;s a win-win for both customers and restaurant staff!<br \/>\n\t\t\t\t\t\t\t<img decoding=\"async\" width=\"48\" height=\"48\" src=\"https:\/\/tipsnco.com\/wp-content\/uploads\/2020\/09\/tech-startup-testimonial-reviews-ava-5.jpg\" alt=\"\" loading=\"lazy\" \/><br \/>\n\t\t\t\t\t\t\t\t\t\t\t\t\t\tMark Davis<br \/>\n\t\t\t\t\t\t\t\t\t\t\t\t\t\t\t\t\t\t\t\t\t\tEngineer<br \/>\n\t\t\t\t+<br \/>\n\t\t\t\t0<br \/>\n\t\t\t\t\t\t\tFONCTIONALIT\u00e9s<br \/>\n\t\t\t\t+<br \/>\n\t\t\t\t0<br \/>\n\t\t\t\t\t\t\tRESTAURANTS PARTENAIRES<br \/>\n\t\t\t\t0<br \/>\n\t\t\t\t+<br \/>\n\t\t\t\t\t\t\tVID\u00e9OS TIKTOK<br \/>\n\t\t\t\t0<br \/>\n\t\t\t\t+<br \/>\n\t\t\t\t\t\t\tFOLLOWERS INSTAGRAM<\/p>\n","protected":false},"excerpt":{"rendered":"<p>Distribuez vos pourboires ! D\u00e9couvrez notre plateforme de pourboire en ligne destin\u00e9e professionnels de service Facile \u00e0 utiliser, rapide et s\u00e9curis\u00e9e, Tips&amp;Co permet de verser directement des pourboires depuis votre smartphone Pourquoi nous ? Un service intuitif et convivial qui permet aux clients satisfaits de laisser des pourboires de mani\u00e8re simple et efficace. S\u00e9curit\u00e9 Tips&#038;Co [&hellip;]<\/p>\n","protected":false},"author":1,"featured_media":0,"parent":0,"menu_order":0,"comment_status":"closed","ping_status":"closed","template":"","meta":{"site-sidebar-layout":"no-sidebar","site-content-layout":"page-builder","ast-site-content-layout":"default","site-content-style":"default","site-sidebar-style":"default","ast-global-header-display":"","ast-banner-title-visibility":"","ast-main-header-display":"","ast-hfb-above-header-display":"","ast-hfb-below-header-display":"","ast-hfb-mobile-header-display":"","site-post-title":"disabled","ast-breadcrumbs-content":"","ast-featured-img":"disabled","footer-sml-layout":"","ast-disable-related-posts":"","theme-transparent-header-meta":"enabled","adv-header-id-meta":"","stick-header-meta":"","header-above-stick-meta":"","header-main-stick-meta":"","header-below-stick-meta":"","astra-migrate-meta-layouts":"default","ast-page-background-enabled":"default","ast-page-background-meta":{"desktop":{"background-color":"","background-image":"","background-repeat":"repeat","background-position":"center center","background-size":"auto","background-attachment":"scroll","background-type":"","background-media":"","overlay-type":"","overlay-color":"","overlay-opacity":"","overlay-gradient":""},"tablet":{"background-color":"","background-image":"","background-repeat":"repeat","background-position":"center center","background-size":"auto","background-attachment":"scroll","background-type":"","background-media":"","overlay-type":"","overlay-color":"","overlay-opacity":"","overlay-gradient":""},"mobile":{"background-color":"","background-image":"","background-repeat":"repeat","background-position":"center center","background-size":"auto","background-attachment":"scroll","background-type":"","background-media":"","overlay-type":"","overlay-color":"","overlay-opacity":"","overlay-gradient":""}},"ast-content-background-meta":{"desktop":{"background-color":"var(--ast-global-color-5)","background-image":"","background-repeat":"repeat","background-position":"center center","background-size":"auto","background-attachment":"scroll","background-type":"","background-media":"","overlay-type":"","overlay-color":"","overlay-opacity":"","overlay-gradient":""},"tablet":{"background-color":"var(--ast-global-color-5)","background-image":"","background-repeat":"repeat","background-position":"center center","background-size":"auto","background-attachment":"scroll","background-type":"","background-media":"","overlay-type":"","overlay-color":"","overlay-opacity":"","overlay-gradient":""},"mobile":{"background-color":"var(--ast-global-color-5)","background-image":"","background-repeat":"repeat","background-position":"center center","background-size":"auto","background-attachment":"scroll","background-type":"","background-media":"","overlay-type":"","overlay-color":"","overlay-opacity":"","overlay-gradient":""}},"footnotes":""},"class_list":["post-132","page","type-page","status-publish","hentry"],"yoast_head":"<!-- This site is optimized with the Yoast SEO plugin v27.5 - https:\/\/yoast.com\/product\/yoast-seo-wordpress\/ -->\n<title>Fonctionnalit\u00e9s - Tips&amp;Co<\/title>\n<meta name=\"robots\" content=\"index, follow, max-snippet:-1, max-image-preview:large, max-video-preview:-1\" \/>\n<link rel=\"canonical\" href=\"https:\/\/tipsnco.com\/index.php\/features\/\" \/>\n<meta property=\"og:locale\" content=\"fr_FR\" \/>\n<meta property=\"og:type\" content=\"article\" \/>\n<meta property=\"og:title\" content=\"Fonctionnalit\u00e9s - Tips&amp;Co\" \/>\n<meta property=\"og:description\" content=\"Distribuez vos pourboires ! D\u00e9couvrez notre plateforme de pourboire en ligne destin\u00e9e professionnels de service Facile \u00e0 utiliser, rapide et s\u00e9curis\u00e9e, Tips&amp;Co permet de verser directement des pourboires depuis votre smartphone Pourquoi nous ? Un service intuitif et convivial qui permet aux clients satisfaits de laisser des pourboires de mani\u00e8re simple et efficace. S\u00e9curit\u00e9 Tips&#038;Co [&hellip;]\" \/>\n<meta property=\"og:url\" content=\"https:\/\/tipsnco.com\/index.php\/features\/\" \/>\n<meta property=\"og:site_name\" content=\"Tips&amp;Co\" \/>\n<meta property=\"article:modified_time\" content=\"2023-09-25T20:16:36+00:00\" \/>\n<meta property=\"og:image\" content=\"https:\/\/tipsnco.com\/wp-content\/uploads\/2023\/07\/pexels-imin-technology-12935051-1.jpg\" \/>\n<meta name=\"twitter:card\" content=\"summary_large_image\" \/>\n<meta name=\"twitter:label1\" content=\"Dur\u00e9e de lecture estim\u00e9e\" \/>\n\t<meta name=\"twitter:data1\" content=\"5 minutes\" \/>\n<script type=\"application\/ld+json\" class=\"yoast-schema-graph\">{\"@context\":\"https:\\\/\\\/schema.org\",\"@graph\":[{\"@type\":\"WebPage\",\"@id\":\"https:\\\/\\\/tipsnco.com\\\/index.php\\\/features\\\/\",\"url\":\"https:\\\/\\\/tipsnco.com\\\/index.php\\\/features\\\/\",\"name\":\"Fonctionnalit\u00e9s - Tips&amp;Co\",\"isPartOf\":{\"@id\":\"https:\\\/\\\/tipsnco.com\\\/#website\"},\"primaryImageOfPage\":{\"@id\":\"https:\\\/\\\/tipsnco.com\\\/index.php\\\/features\\\/#primaryimage\"},\"image\":{\"@id\":\"https:\\\/\\\/tipsnco.com\\\/index.php\\\/features\\\/#primaryimage\"},\"thumbnailUrl\":\"https:\\\/\\\/tipsnco.com\\\/wp-content\\\/uploads\\\/2023\\\/07\\\/pexels-imin-technology-12935051-1.jpg\",\"datePublished\":\"2020-09-29T03:09:02+00:00\",\"dateModified\":\"2023-09-25T20:16:36+00:00\",\"breadcrumb\":{\"@id\":\"https:\\\/\\\/tipsnco.com\\\/index.php\\\/features\\\/#breadcrumb\"},\"inLanguage\":\"fr-FR\",\"potentialAction\":[{\"@type\":\"ReadAction\",\"target\":[\"https:\\\/\\\/tipsnco.com\\\/index.php\\\/features\\\/\"]}]},{\"@type\":\"ImageObject\",\"inLanguage\":\"fr-FR\",\"@id\":\"https:\\\/\\\/tipsnco.com\\\/index.php\\\/features\\\/#primaryimage\",\"url\":\"https:\\\/\\\/tipsnco.com\\\/wp-content\\\/uploads\\\/2023\\\/07\\\/pexels-imin-technology-12935051-1.jpg\",\"contentUrl\":\"https:\\\/\\\/tipsnco.com\\\/wp-content\\\/uploads\\\/2023\\\/07\\\/pexels-imin-technology-12935051-1.jpg\",\"width\":627,\"height\":418},{\"@type\":\"BreadcrumbList\",\"@id\":\"https:\\\/\\\/tipsnco.com\\\/index.php\\\/features\\\/#breadcrumb\",\"itemListElement\":[{\"@type\":\"ListItem\",\"position\":1,\"name\":\"Home\",\"item\":\"https:\\\/\\\/tipsnco.com\\\/\"},{\"@type\":\"ListItem\",\"position\":2,\"name\":\"Fonctionnalit\u00e9s\"}]},{\"@type\":\"WebSite\",\"@id\":\"https:\\\/\\\/tipsnco.com\\\/#website\",\"url\":\"https:\\\/\\\/tipsnco.com\\\/\",\"name\":\"Tipsnco\",\"description\":\"Un p&#039;tit geste pour le service ?\",\"publisher\":{\"@id\":\"https:\\\/\\\/tipsnco.com\\\/#organization\"},\"potentialAction\":[{\"@type\":\"SearchAction\",\"target\":{\"@type\":\"EntryPoint\",\"urlTemplate\":\"https:\\\/\\\/tipsnco.com\\\/?s={search_term_string}\"},\"query-input\":{\"@type\":\"PropertyValueSpecification\",\"valueRequired\":true,\"valueName\":\"search_term_string\"}}],\"inLanguage\":\"fr-FR\"},{\"@type\":\"Organization\",\"@id\":\"https:\\\/\\\/tipsnco.com\\\/#organization\",\"name\":\"Tipsnco\",\"url\":\"https:\\\/\\\/tipsnco.com\\\/\",\"logo\":{\"@type\":\"ImageObject\",\"inLanguage\":\"fr-FR\",\"@id\":\"https:\\\/\\\/tipsnco.com\\\/#\\\/schema\\\/logo\\\/image\\\/\",\"url\":\"https:\\\/\\\/tipsnco.com\\\/wp-content\\\/uploads\\\/2023\\\/08\\\/IMG_4277.png\",\"contentUrl\":\"https:\\\/\\\/tipsnco.com\\\/wp-content\\\/uploads\\\/2023\\\/08\\\/IMG_4277.png\",\"width\":232,\"height\":232,\"caption\":\"Tipsnco\"},\"image\":{\"@id\":\"https:\\\/\\\/tipsnco.com\\\/#\\\/schema\\\/logo\\\/image\\\/\"}}]}<\/script>\n<!-- \/ Yoast SEO plugin. -->","yoast_head_json":{"title":"Fonctionnalit\u00e9s - Tips&amp;Co","robots":{"index":"index","follow":"follow","max-snippet":"max-snippet:-1","max-image-preview":"max-image-preview:large","max-video-preview":"max-video-preview:-1"},"canonical":"https:\/\/tipsnco.com\/index.php\/features\/","og_locale":"fr_FR","og_type":"article","og_title":"Fonctionnalit\u00e9s - Tips&amp;Co","og_description":"Distribuez vos pourboires ! D\u00e9couvrez notre plateforme de pourboire en ligne destin\u00e9e professionnels de service Facile \u00e0 utiliser, rapide et s\u00e9curis\u00e9e, Tips&amp;Co permet de verser directement des pourboires depuis votre smartphone Pourquoi nous ? Un service intuitif et convivial qui permet aux clients satisfaits de laisser des pourboires de mani\u00e8re simple et efficace. S\u00e9curit\u00e9 Tips&#038;Co [&hellip;]","og_url":"https:\/\/tipsnco.com\/index.php\/features\/","og_site_name":"Tips&amp;Co","article_modified_time":"2023-09-25T20:16:36+00:00","og_image":[{"url":"https:\/\/tipsnco.com\/wp-content\/uploads\/2023\/07\/pexels-imin-technology-12935051-1.jpg","type":"","width":"","height":""}],"twitter_card":"summary_large_image","twitter_misc":{"Dur\u00e9e de lecture estim\u00e9e":"5 minutes"},"schema":{"@context":"https:\/\/schema.org","@graph":[{"@type":"WebPage","@id":"https:\/\/tipsnco.com\/index.php\/features\/","url":"https:\/\/tipsnco.com\/index.php\/features\/","name":"Fonctionnalit\u00e9s - Tips&amp;Co","isPartOf":{"@id":"https:\/\/tipsnco.com\/#website"},"primaryImageOfPage":{"@id":"https:\/\/tipsnco.com\/index.php\/features\/#primaryimage"},"image":{"@id":"https:\/\/tipsnco.com\/index.php\/features\/#primaryimage"},"thumbnailUrl":"https:\/\/tipsnco.com\/wp-content\/uploads\/2023\/07\/pexels-imin-technology-12935051-1.jpg","datePublished":"2020-09-29T03:09:02+00:00","dateModified":"2023-09-25T20:16:36+00:00","breadcrumb":{"@id":"https:\/\/tipsnco.com\/index.php\/features\/#breadcrumb"},"inLanguage":"fr-FR","potentialAction":[{"@type":"ReadAction","target":["https:\/\/tipsnco.com\/index.php\/features\/"]}]},{"@type":"ImageObject","inLanguage":"fr-FR","@id":"https:\/\/tipsnco.com\/index.php\/features\/#primaryimage","url":"https:\/\/tipsnco.com\/wp-content\/uploads\/2023\/07\/pexels-imin-technology-12935051-1.jpg","contentUrl":"https:\/\/tipsnco.com\/wp-content\/uploads\/2023\/07\/pexels-imin-technology-12935051-1.jpg","width":627,"height":418},{"@type":"BreadcrumbList","@id":"https:\/\/tipsnco.com\/index.php\/features\/#breadcrumb","itemListElement":[{"@type":"ListItem","position":1,"name":"Home","item":"https:\/\/tipsnco.com\/"},{"@type":"ListItem","position":2,"name":"Fonctionnalit\u00e9s"}]},{"@type":"WebSite","@id":"https:\/\/tipsnco.com\/#website","url":"https:\/\/tipsnco.com\/","name":"Tipsnco","description":"Un p&#039;tit geste pour le service ?","publisher":{"@id":"https:\/\/tipsnco.com\/#organization"},"potentialAction":[{"@type":"SearchAction","target":{"@type":"EntryPoint","urlTemplate":"https:\/\/tipsnco.com\/?s={search_term_string}"},"query-input":{"@type":"PropertyValueSpecification","valueRequired":true,"valueName":"search_term_string"}}],"inLanguage":"fr-FR"},{"@type":"Organization","@id":"https:\/\/tipsnco.com\/#organization","name":"Tipsnco","url":"https:\/\/tipsnco.com\/","logo":{"@type":"ImageObject","inLanguage":"fr-FR","@id":"https:\/\/tipsnco.com\/#\/schema\/logo\/image\/","url":"https:\/\/tipsnco.com\/wp-content\/uploads\/2023\/08\/IMG_4277.png","contentUrl":"https:\/\/tipsnco.com\/wp-content\/uploads\/2023\/08\/IMG_4277.png","width":232,"height":232,"caption":"Tipsnco"},"image":{"@id":"https:\/\/tipsnco.com\/#\/schema\/logo\/image\/"}}]}},"jetpack_sharing_enabled":true,"_links":{"self":[{"href":"https:\/\/tipsnco.com\/index.php\/wp-json\/wp\/v2\/pages\/132","targetHints":{"allow":["GET"]}}],"collection":[{"href":"https:\/\/tipsnco.com\/index.php\/wp-json\/wp\/v2\/pages"}],"about":[{"href":"https:\/\/tipsnco.com\/index.php\/wp-json\/wp\/v2\/types\/page"}],"author":[{"embeddable":true,"href":"https:\/\/tipsnco.com\/index.php\/wp-json\/wp\/v2\/users\/1"}],"replies":[{"embeddable":true,"href":"https:\/\/tipsnco.com\/index.php\/wp-json\/wp\/v2\/comments?post=132"}],"version-history":[{"count":176,"href":"https:\/\/tipsnco.com\/index.php\/wp-json\/wp\/v2\/pages\/132\/revisions"}],"predecessor-version":[{"id":1019,"href":"https:\/\/tipsnco.com\/index.php\/wp-json\/wp\/v2\/pages\/132\/revisions\/1019"}],"wp:attachment":[{"href":"https:\/\/tipsnco.com\/index.php\/wp-json\/wp\/v2\/media?parent=132"}],"curies":[{"name":"wp","href":"https:\/\/api.w.org\/{rel}","templated":true}]}}